{"id":149,"date":"2015-01-09T10:05:45","date_gmt":"2015-01-09T08:05:45","guid":{"rendered":"http:\/\/gerhard-mueller.net\/?page_id=149"},"modified":"2021-10-19T08:33:26","modified_gmt":"2021-10-19T06:33:26","slug":"musik","status":"publish","type":"page","link":"http:\/\/gerhard-mueller.net\/?page_id=149","title":{"rendered":"Musik"},"content":{"rendered":"<p style=\"text-align: left;\"><em>&#8222;Ein Musikliebhaber ist ein Mann, der sein Ohr an das Schl\u00fcsselloch der T\u00fcr legt, hinter der ein h\u00fcbsches M\u00e4dchen in der Badewanne singt.&#8220;<\/em><\/p>\n<p style=\"text-align: left;\"><em>Unbekannte Quelle<br \/>\n<\/em><\/p>\n<div class='photogrid' style='margin-top: 15px;'><div class='item ' style='width:250px; height:166px'><a href='\/wp-content\/uploads\/galleries\/musik\/DSC01345.jpg' class='fancybox' rel='fancybox'> <img alt='wp-content\/uploads\/galleries\/musik\/DSC01345.jpg' src='http:\/\/gerhard-mueller.net\/wp-content\/plugins\/flowgallery\/thumbnail.php?pic=\/wp-content\/uploads\/galleries\/musik\/DSC01345.jpg&PicWidth=250&resize=resample' width='250' height='166'> <\/a><\/div>\n<div class='item ' style='width:250px; height:250px'><a href='\/wp-content\/uploads\/galleries\/musik\/DSC01367.jpg' class='fancybox' rel='fancybox'> <img alt='wp-content\/uploads\/galleries\/musik\/DSC01367.jpg' src='http:\/\/gerhard-mueller.net\/wp-content\/plugins\/flowgallery\/thumbnail.php?pic=\/wp-content\/uploads\/galleries\/musik\/DSC01367.jpg&PicWidth=250&resize=resample' width='250' height='250'> <\/a><\/div>\n<div class='item ' style='width:250px; height:250px'><a href='\/wp-content\/uploads\/galleries\/musik\/DSC01393.jpg' class='fancybox' rel='fancybox'> <img alt='wp-content\/uploads\/galleries\/musik\/DSC01393.jpg' src='http:\/\/gerhard-mueller.net\/wp-content\/plugins\/flowgallery\/thumbnail.php?pic=\/wp-content\/uploads\/galleries\/musik\/DSC01393.jpg&PicWidth=250&resize=resample' width='250' height='250'> <\/a><\/div>\n<div class='item ' style='width:250px; height:187px'><a href='\/wp-content\/uploads\/galleries\/musik\/DSC01583.jpg' class='fancybox' rel='fancybox'> <img alt='wp-content\/uploads\/galleries\/musik\/DSC01583.jpg' src='http:\/\/gerhard-mueller.net\/wp-content\/plugins\/flowgallery\/thumbnail.php?pic=\/wp-content\/uploads\/galleries\/musik\/DSC01583.jpg&PicWidth=250&resize=resample' width='250' height='187'> <\/a><\/div>\n<div class='item ' style='width:250px; height:374px'><a href='\/wp-content\/uploads\/galleries\/musik\/DSC01588.jpg' class='fancybox' rel='fancybox'> <img alt='wp-content\/uploads\/galleries\/musik\/DSC01588.jpg' src='http:\/\/gerhard-mueller.net\/wp-content\/plugins\/flowgallery\/thumbnail.php?pic=\/wp-content\/uploads\/galleries\/musik\/DSC01588.jpg&PicWidth=250&resize=resample' width='250' height='374'> <\/a><\/div>\n<div class='item ' style='width:250px; height:166px'><a href='\/wp-content\/uploads\/galleries\/musik\/DSC01611.jpg' class='fancybox' rel='fancybox'> <img alt='wp-content\/uploads\/galleries\/musik\/DSC01611.jpg' src='http:\/\/gerhard-mueller.net\/wp-content\/plugins\/flowgallery\/thumbnail.php?pic=\/wp-content\/uploads\/galleries\/musik\/DSC01611.jpg&PicWidth=250&resize=resample' width='250' height='166'> <\/a><\/div>\n<div class='item ' style='width:250px; height:374px'><a href='\/wp-content\/uploads\/galleries\/musik\/DSC01642.jpg' class='fancybox' rel='fancybox'> <img alt='wp-content\/uploads\/galleries\/musik\/DSC01642.jpg' src='http:\/\/gerhard-mueller.net\/wp-content\/plugins\/flowgallery\/thumbnail.php?pic=\/wp-content\/uploads\/galleries\/musik\/DSC01642.jpg&PicWidth=250&resize=resample' width='250' height='374'> <\/a><\/div>\n<div class='item ' style='width:250px; height:250px'><a href='\/wp-content\/uploads\/galleries\/musik\/DSC01654.jpg' class='fancybox' rel='fancybox'> <img alt='wp-content\/uploads\/galleries\/musik\/DSC01654.jpg' src='http:\/\/gerhard-mueller.net\/wp-content\/plugins\/flowgallery\/thumbnail.php?pic=\/wp-content\/uploads\/galleries\/musik\/DSC01654.jpg&PicWidth=250&resize=resample' width='250' height='250'> <\/a><\/div>\n<div class='item ' style='width:250px; height:166px'><a href='\/wp-content\/uploads\/galleries\/musik\/DSC01696.jpg' class='fancybox' rel='fancybox'> <img alt='wp-content\/uploads\/galleries\/musik\/DSC01696.jpg' src='http:\/\/gerhard-mueller.net\/wp-content\/plugins\/flowgallery\/thumbnail.php?pic=\/wp-content\/uploads\/galleries\/musik\/DSC01696.jpg&PicWidth=250&resize=resample' width='250' height='166'> <\/a><\/div>\n<div class='item ' style='width:250px; height:250px'><a href='\/wp-content\/uploads\/galleries\/musik\/DSC01697.jpg' class='fancybox' rel='fancybox'> <img alt='wp-content\/uploads\/galleries\/musik\/DSC01697.jpg' src='http:\/\/gerhard-mueller.net\/wp-content\/plugins\/flowgallery\/thumbnail.php?pic=\/wp-content\/uploads\/galleries\/musik\/DSC01697.jpg&PicWidth=250&resize=resample' width='250' height='250'> <\/a><\/div>\n<\/div><style>\n\t\t\t.item { margin-bottom: 10px; margin-right: 10px; }\n\t\t\t.shaded {-webkit-box-shadow:2px 2px 6px #000000; -moz-box-shadow:2px 2px 6px #000000; box-shadow:2px 2px 6px #000000;}\n\t\t<\/style>\n\t\t\n","protected":false},"excerpt":{"rendered":"<p>&#8222;Ein Musikliebhaber ist ein Mann, der sein Ohr an das Schl\u00fcsselloch der T\u00fcr legt, hinter der ein h\u00fcbsches M\u00e4dchen in der Badewanne singt.&#8220; Unbekannte Quelle<\/p>\n","protected":false},"author":1,"featured_media":0,"parent":0,"menu_order":0,"comment_status":"closed","ping_status":"open","template":"","meta":{"kt_blocks_editor_width":"","footnotes":""},"_links":{"self":[{"href":"http:\/\/gerhard-mueller.net\/index.php?rest_route=\/wp\/v2\/pages\/149"}],"collection":[{"href":"http:\/\/gerhard-mueller.net\/index.php?rest_route=\/wp\/v2\/pages"}],"about":[{"href":"http:\/\/gerhard-mueller.net\/index.php?rest_route=\/wp\/v2\/types\/page"}],"author":[{"embeddable":true,"href":"http:\/\/gerhard-mueller.net\/index.php?rest_route=\/wp\/v2\/users\/1"}],"replies":[{"embeddable":true,"href":"http:\/\/gerhard-mueller.net\/index.php?rest_route=%2Fwp%2Fv2%2Fcomments&post=149"}],"version-history":[{"count":4,"href":"http:\/\/gerhard-mueller.net\/index.php?rest_route=\/wp\/v2\/pages\/149\/revisions"}],"predecessor-version":[{"id":154,"href":"http:\/\/gerhard-mueller.net\/index.php?rest_route=\/wp\/v2\/pages\/149\/revisions\/154"}],"wp:attachment":[{"href":"http:\/\/gerhard-mueller.net\/index.php?rest_route=%2Fwp%2Fv2%2Fmedia&parent=149"}],"curies":[{"name":"wp","href":"https:\/\/api.w.org\/{rel}","templated":true}]}}